{"id":966,"date":"2021-04-06T10:36:55","date_gmt":"2021-04-06T10:36:55","guid":{"rendered":"https:\/\/rosavercher.es\/index.php\/services\/"},"modified":"2021-10-08T09:19:14","modified_gmt":"2021-10-08T09:19:14","slug":"servicios","status":"publish","type":"page","link":"https:\/\/rosavercher.es\/index.php\/servicios\/","title":{"rendered":"Servicios"},"content":{"rendered":"\n<div class=\"wp-block-cover alignfull has-background-dim-70 has-background-dim\" style=\"background-color:#1b1f29;min-height:630px;aspect-ratio:unset;\"><img loading=\"lazy\" decoding=\"async\" width=\"2560\" height=\"1707\" class=\"wp-block-cover__image-background wp-image-1324\" alt=\"\" src=\"http:\/\/rosavercher.es\/wp-content\/uploads\/2021\/10\/Rosa-1-scaled.jpg\" style=\"object-position:50% 0%\" data-object-fit=\"cover\" data-object-position=\"50% 0%\" srcset=\"https:\/\/rosavercher.es\/wp-content\/uploads\/2021\/10\/Rosa-1-scaled.jpg 2560w, https:\/\/rosavercher.es\/wp-content\/uploads\/2021\/10\/Rosa-1-300x200.jpg 300w, https:\/\/rosavercher.es\/wp-content\/uploads\/2021\/10\/Rosa-1-1024x683.jpg 1024w, https:\/\/rosavercher.es\/wp-content\/uploads\/2021\/10\/Rosa-1-768x512.jpg 768w, https:\/\/rosavercher.es\/wp-content\/uploads\/2021\/10\/Rosa-1-1536x1024.jpg 1536w, https:\/\/rosavercher.es\/wp-content\/uploads\/2021\/10\/Rosa-1-2048x1365.jpg 2048w\" sizes=\"auto, (max-width: 2560px) 100vw, 2560px\" \/><div class=\"wp-block-cover__inner-container is-layout-flow wp-block-cover-is-layout-flow\">\n<div class=\"wp-block-group has-ast-global-color-4-color has-text-color is-layout-flow wp-block-group-is-layout-flow\"><div class=\"wp-block-group__inner-container\">\n<h2 class=\"wp-block-heading\">En pocas sesiones de nuestra terapia te convertir\u00e1s en la persona que siempre has querido ser. <\/h2>\n\n\n\n<h4 class=\"wp-block-heading\">Nuestra metodolog\u00eda<\/h4>\n\n\n\n<div class=\"wp-block-columns is-layout-flex wp-container-core-columns-is-layout-28f84493 wp-block-columns-is-layout-flex\">\n<div class=\"wp-block-column is-layout-flow wp-block-column-is-layout-flow\" style=\"flex-basis:50%\">\n<p>Las sesiones se realizan con el m\u00e9todo exclusivo que hemos desarrollado, a trav\u00e9s del cual, <strong>con menos de 10 sesiones <\/strong>la persona alcanza los cambios que necesita.<\/p>\n<\/div>\n\n\n\n<div class=\"wp-block-column is-layout-flow wp-block-column-is-layout-flow\" style=\"flex-basis:50%\"><\/div>\n<\/div>\n\n\n\n<div class=\"wp-block-columns is-layout-flex wp-container-core-columns-is-layout-28f84493 wp-block-columns-is-layout-flex\">\n<div class=\"wp-block-column is-layout-flow wp-block-column-is-layout-flow\" style=\"flex-basis:50%\">\n<p>Este m\u00e9todo bebe de las fuentes de la Psicolog\u00eda Sist\u00e9mica, la Terapia Transgeneracional, -Conductual, Aceptaci\u00f3n y Compromiso, Gestalt, Mindfulness, PNL y Trance Cognitivo Generativo.<\/p>\n<\/div>\n\n\n\n<div class=\"wp-block-column is-layout-flow wp-block-column-is-layout-flow\" style=\"flex-basis:50%\"><\/div>\n<\/div>\n<\/div><\/div>\n\n\n\n<div class=\"wp-block-group is-layout-flow wp-block-group-is-layout-flow\"><div class=\"wp-block-group__inner-container\">\n<h2 class=\"alignwide has-white-color has-text-color wp-block-heading\">Somos expertas en:<\/h2>\n\n\n\n<div class=\"wp-block-columns is-layout-flex wp-container-core-columns-is-layout-28f84493 wp-block-columns-is-layout-flex\">\n<div class=\"wp-block-column is-layout-flow wp-block-column-is-layout-flow\">\n<h4 class=\"has-ast-global-color-5-color has-text-color wp-block-heading\">Mentor\u00eda para estudiantes y profesionales<\/h4>\n\n\n\n<p class=\"has-text-color\" style=\"color:#d9dee8\">\u00bfTienes problemas en tu trabajo o estudios? \u00bfNo logras definir sus metas? \u00bfQuieres hacer crecer tu negocio? Te ayudamos a sacar lo mejor de ti para conseguirlo.<\/p>\n<\/div>\n\n\n\n<div class=\"wp-block-column is-layout-flow wp-block-column-is-layout-flow\">\n<h4 class=\"has-ast-global-color-5-color has-text-color wp-block-heading\">Dependencia emocional<\/h4>\n\n\n\n<p class=\"has-text-color\" style=\"color:#d9dee8\">\u00bfSientes que no eres nada sin pareja? \u00bfTu vida no tiene sentido sin \u00e9l\/ella? \u00bfCrees que no encontrar\u00e1s a nadie como tu ex? Te ayudamos a liberarte y a encontrarte a ti mism@. Atr\u00e9vete a ser t\u00fa.<\/p>\n<\/div>\n\n\n\n<div class=\"wp-block-column is-layout-flow wp-block-column-is-layout-flow\">\n<h4 class=\"has-ast-global-color-5-color has-text-color wp-block-heading\">Autoestima y empoderamiento<\/h4>\n\n\n\n<p class=\"has-text-color\" style=\"color:#d9dee8\">Puedes ser la persona con poder que siempre has so\u00f1ado. Te ayudamos a creer en ti para que regales cada d\u00eda al mundo lo mejor de ti mism@. \u00bfQuieres intentarlo?<\/p>\n<\/div>\n\n\n\n<div class=\"wp-block-column is-layout-flow wp-block-column-is-layout-flow\">\n<h4 class=\"has-ast-global-color-5-color has-text-color wp-block-heading\">Violencia de g\u00e9nero<\/h4>\n\n\n\n<p class=\"has-text-color\" style=\"color:#d9dee8\">Somos expertas en ayudarte a identificar las conductas de tu pareja que te hacen da\u00f1o. Saldr\u00e1s de esa relaci\u00f3n t\u00f3xica y te recuperar\u00e1s emocionalmente. Encuentra tu camino y alcanza v\u00ednculos sanos.<\/p>\n<\/div>\n<\/div>\n\n\n\n<div class=\"wp-block-columns is-layout-flex wp-container-core-columns-is-layout-28f84493 wp-block-columns-is-layout-flex\">\n<div class=\"wp-block-column is-layout-flow wp-block-column-is-layout-flow\">\n<h4 class=\"has-ast-global-color-5-color has-text-color wp-block-heading\">Terapia de pareja y Sexolog\u00eda<\/h4>\n\n\n\n<p class=\"has-text-color\" style=\"color:#d9dee8\">\u00bfOs quer\u00e9is pero no os entend\u00e9is? Os ayudamos a tomar decisiones, a comunicaros en confianza y a crear un entorno seguro en la pareja. Atreveos a crecer juntos si as\u00ed lo decid\u00eds.<\/p>\n<\/div>\n\n\n\n<div class=\"wp-block-column is-layout-flow wp-block-column-is-layout-flow\">\n<h4 class=\"has-ast-global-color-5-color has-text-color wp-block-heading\">Trauma y estr\u00e9s post-traum\u00e1tico (TEPT)<\/h4>\n\n\n\n<p class=\"has-text-color\" style=\"color:#d9dee8\">\u00bfLas heridas del pasado te impiden avanzar? \u201cDios no elige a los preparados, prepara a los elegidos.\u201d (Lain Garc\u00eda Calvo).<br>Haz que tu oscuro pasado sea el impulso hacia tu brillante futuro.<\/p>\n<\/div>\n\n\n\n<div class=\"wp-block-column is-layout-flow wp-block-column-is-layout-flow\">\n<h4 class=\"has-ast-global-color-5-color has-text-color wp-block-heading\">Psicolog\u00eda penal-forense<\/h4>\n\n\n\n<p class=\"has-text-color\" style=\"color:#d9dee8\">Se realizan informes periciales forenses de oficio y de parte. Somos especialistas en \u00e1mbito penal.<\/p>\n\n\n\n<p><strong><a rel=\"noreferrer noopener\" href=\"http:\/\/www.socpsicoforenses.com\" target=\"_blank\">www.socpsicoforenses.com<\/a><\/strong><\/p>\n<\/div>\n\n\n\n<div class=\"wp-block-column is-layout-flow wp-block-column-is-layout-flow\">\n<h4 class=\"has-ast-global-color-5-color has-text-color wp-block-heading\"><strong>Psicolog\u00eda cl\u00ednica<\/strong><\/h4>\n\n\n\n<p class=\"has-text-color\" style=\"color:#d9dee8\">Especialistas en evaluaci\u00f3n, diagn\u00f3stico y tratamiento de ansiedad, depresi\u00f3n, fobias y otros trastornos psicol\u00f3gicos.<\/p>\n\n\n\n<p><strong><a rel=\"noreferrer noopener\" href=\"http:\/\/www.socpsico.com\" target=\"_blank\">www.socpsico.com<\/a><\/strong><\/p>\n<\/div>\n<\/div>\n\n\n\n<p><\/p>\n<\/div><\/div>\n<\/div><\/div>\n\n\n\n<div class=\"wp-block-group alignfull has-background is-layout-flow wp-block-group-is-layout-flow\" style=\"background-color:#f9fafb\"><div class=\"wp-block-group__inner-container\">\n<h6 class=\"has-text-align-center has-ast-global-color-0-color has-text-color wp-block-heading\">Testimonios<\/h6>\n\n\n\n<h2 class=\"has-text-align-center wp-block-heading\">Experiencias de nuestros pacientes<\/h2>\n\n\n\n<div class=\"wp-block-columns alignwide is-layout-flex wp-container-core-columns-is-layout-28f84493 wp-block-columns-is-layout-flex\">\n<div class=\"wp-block-column is-layout-flow wp-block-column-is-layout-flow\">\n<div class=\"wp-block-group is-layout-flow wp-block-group-is-layout-flow\"><div class=\"wp-block-group__inner-container\">\n<div class=\"wp-block-image is-style-rounded\"><figure class=\"aligncenter size-thumbnail is-resized\"><img loading=\"lazy\" decoding=\"async\" src=\"http:\/\/rosavercher.es\/wp-content\/uploads\/2021\/10\/Marta-150x150.jpg\" alt=\"\" class=\"wp-image-1242\" width=\"80\" height=\"80\"\/><\/figure><\/div>\n\n\n\n<p class=\"has-text-align-center\">\u201c Rosa es una persona que de una forma muy natural te pone en contacto con tu mayor potencial. Te ayuda a conectar con tu autoestima m\u00e1s profunda que te hace pensar que eres un ser valioso lleno de los valores de generosidad y superaci\u00f3n que tenemos los seres humanos.\u201d<\/p>\n\n\n\n<h6 class=\"has-text-align-center has-text-color wp-block-heading\" style=\"color:#80889e\"> Marta, 47 a\u00f1os<\/h6>\n<\/div><\/div>\n<\/div>\n\n\n\n<div class=\"wp-block-column is-layout-flow wp-block-column-is-layout-flow\">\n<div class=\"wp-block-group is-layout-flow wp-block-group-is-layout-flow\"><div class=\"wp-block-group__inner-container\">\n<div class=\"wp-block-image is-style-rounded\"><figure class=\"aligncenter size-thumbnail is-resized\"><img loading=\"lazy\" decoding=\"async\" src=\"http:\/\/rosavercher.es\/wp-content\/uploads\/2021\/10\/Ferran-150x150.jpg\" alt=\"\" class=\"wp-image-1243\" width=\"80\" height=\"80\"\/><\/figure><\/div>\n\n\n\n<p class=\"has-text-align-center\">\u201c Excelente profesional, seriedad, implicada al cien por cien en el desarrollo de la terapia. Rosa ha sido una gran mentora,&nbsp; ayud\u00e1ndome en mi desarrollo tanto personal como profesional. Con su ayuda y conocimientos he conseguido hasta crear mi propia empresa, ayud\u00e1ndome a creer en todas mis capacidades.\u201d<\/p>\n\n\n\n<h6 class=\"has-text-align-center has-text-color wp-block-heading\" style=\"color:#80889e\"> Ferran, 43 a\u00f1os<\/h6>\n<\/div><\/div>\n<\/div>\n<\/div>\n\n\n\n<div class=\"wp-block-columns alignwide is-layout-flex wp-container-core-columns-is-layout-28f84493 wp-block-columns-is-layout-flex\">\n<div class=\"wp-block-column is-layout-flow wp-block-column-is-layout-flow\">\n<div class=\"wp-block-group is-layout-flow wp-block-group-is-layout-flow\"><div class=\"wp-block-group__inner-container\">\n<div class=\"wp-block-image is-style-rounded\"><figure class=\"aligncenter size-thumbnail is-resized\"><img loading=\"lazy\" decoding=\"async\" src=\"http:\/\/rosavercher.es\/wp-content\/uploads\/2021\/10\/Mohamed-150x150.jpg\" alt=\"\" class=\"wp-image-1239\" width=\"80\" height=\"80\"\/><\/figure><\/div>\n\n\n\n<p class=\"has-text-align-center\">&#8220;I have made a tremendous amount of progress these past few weeks working with Rosa Vercher! She&#8217;s very attentive, easy to talk to and great at giving ideas and ways to work out problems. I was&nbsp; suffering from addiction and depression and having a hard time being present in my work and relationships. I have really committed to working with the tools and knowledge she has provided me and I am a much healthier person because of it. I would 100% recommend Rosa as a counsellor and I love working with her!.&#8221;<\/p>\n\n\n\n<h6 class=\"has-text-align-center has-text-color wp-block-heading\" style=\"color:#80889e\">Mohamed, 27 a\u00f1os<\/h6>\n\n\n\n<p><\/p>\n<\/div><\/div>\n<\/div>\n\n\n\n<div class=\"wp-block-column is-layout-flow wp-block-column-is-layout-flow\">\n<div class=\"wp-block-group is-layout-flow wp-block-group-is-layout-flow\"><div class=\"wp-block-group__inner-container\">\n<div class=\"wp-block-image is-style-rounded\"><figure class=\"aligncenter size-thumbnail is-resized\"><img loading=\"lazy\" decoding=\"async\" src=\"http:\/\/rosavercher.es\/wp-content\/uploads\/2021\/10\/Rebeca-150x150.jpg\" alt=\"\" class=\"wp-image-1244\" width=\"80\" height=\"80\"\/><\/figure><\/div>\n\n\n\n<p class=\"has-text-align-center\">&#8220;Comenzar mi proceso de sanaci\u00f3n con Rosa ha supuesto un antes y un despu\u00e9s en mi vida. Me ha ayudado a entender por qu\u00e9 estaba programada para sufrir por amor y engancharme a personas t\u00f3xicas desarrollando una fuerte dependencia emocional y llegando a tolerar todo tipo de situaciones. A trav\u00e9s de un viaje desde mi ni\u00f1ez y mis experiencias tempranas, ha sabido conectarme con el presente, hacia la seguridad en m\u00ed misma y la autoestima. Asimismo, he aprendido a establecer l\u00edmites saludables y l\u00edneas rojas en direcci\u00f3n a los valores que son las bases de motivaci\u00f3n y crecimiento interior hoy en d\u00eda en mi vida. No puedo decirle m\u00e1s que gracias por haber aparecido en mi vida y haberla cambiado radicalmente. Me ha ayudado a ser feliz, a desarrollar mi m\u00e1ximo potencial y a estar en paz conmigo misma.&#8221;<\/p>\n\n\n\n<h6 class=\"has-text-align-center has-text-color wp-block-heading\" style=\"color:#80889e\">Rebeca, 39 a\u00f1os<\/h6>\n<\/div><\/div>\n<\/div>\n<\/div>\n<\/div><\/div>\n\n\n\n<p><\/p>\n","protected":false},"excerpt":{"rendered":"","protected":false},"author":1,"featured_media":0,"parent":0,"menu_order":0,"comment_status":"closed","ping_status":"closed","template":"","meta":{"site-sidebar-layout":"no-sidebar","site-content-layout":"plain-container","ast-site-content-layout":"","site-content-style":"default","site-sidebar-style":"default","ast-global-header-display":"","ast-banner-title-visibility":"","ast-main-header-display":"","ast-hfb-above-header-display":"","ast-hfb-below-header-display":"","ast-hfb-mobile-header-display":"","site-post-title":"disabled","ast-breadcrumbs-content":"","ast-featured-img":"disabled","footer-sml-layout":"","theme-transparent-header-meta":"disabled","adv-header-id-meta":"","stick-header-meta":"","header-above-stick-meta":"","header-main-stick-meta":"","header-below-stick-meta":"","astra-migrate-meta-layouts":"default","ast-page-background-enabled":"default","ast-page-background-meta":{"desktop":{"background-color":"","background-image":"","background-repeat":"repeat","background-position":"center center","background-size":"auto","background-attachment":"scroll","background-type":"","background-media":"","overlay-type":"","overlay-color":"","overlay-opacity":"","overlay-gradient":""},"tablet":{"background-color":"","background-image":"","background-repeat":"repeat","background-position":"center center","background-size":"auto","background-attachment":"scroll","background-type":"","background-media":"","overlay-type":"","overlay-color":"","overlay-opacity":"","overlay-gradient":""},"mobile":{"background-color":"","background-image":"","background-repeat":"repeat","background-position":"center center","background-size":"auto","background-attachment":"scroll","background-type":"","background-media":"","overlay-type":"","overlay-color":"","overlay-opacity":"","overlay-gradient":""}},"ast-content-background-meta":{"desktop":{"background-color":"var(--ast-global-color-5)","background-image":"","background-repeat":"repeat","background-position":"center center","background-size":"auto","background-attachment":"scroll","background-type":"","background-media":"","overlay-type":"","overlay-color":"","overlay-opacity":"","overlay-gradient":""},"tablet":{"background-color":"var(--ast-global-color-5)","background-image":"","background-repeat":"repeat","background-position":"center center","background-size":"auto","background-attachment":"scroll","background-type":"","background-media":"","overlay-type":"","overlay-color":"","overlay-opacity":"","overlay-gradient":""},"mobile":{"background-color":"var(--ast-global-color-5)","background-image":"","background-repeat":"repeat","background-position":"center center","background-size":"auto","background-attachment":"scroll","background-type":"","background-media":"","overlay-type":"","overlay-color":"","overlay-opacity":"","overlay-gradient":""}},"footnotes":""},"class_list":["post-966","page","type-page","status-publish","hentry"],"yoast_head":"<!-- This site is optimized with the Yoast SEO plugin v27.4 - https:\/\/yoast.com\/product\/yoast-seo-wordpress\/ -->\n<title>Servicios - Rosa Vercher<\/title>\n<meta name=\"robots\" content=\"index, follow, max-snippet:-1, max-image-preview:large, max-video-preview:-1\" \/>\n<link rel=\"canonical\" href=\"https:\/\/rosavercher.es\/index.php\/servicios\/\" \/>\n<meta property=\"og:locale\" content=\"en_US\" \/>\n<meta property=\"og:type\" content=\"article\" \/>\n<meta property=\"og:title\" content=\"Servicios - Rosa Vercher\" \/>\n<meta property=\"og:url\" content=\"https:\/\/rosavercher.es\/index.php\/servicios\/\" \/>\n<meta property=\"og:site_name\" content=\"Rosa Vercher\" \/>\n<meta property=\"article:publisher\" content=\"https:\/\/es-es.facebook.com\/rosa.vercher.9\" \/>\n<meta property=\"article:modified_time\" content=\"2021-10-08T09:19:14+00:00\" \/>\n<meta name=\"twitter:card\" content=\"summary_large_image\" \/>\n<meta name=\"twitter:label1\" content=\"Est. reading time\" \/>\n\t<meta name=\"twitter:data1\" content=\"4 minutes\" \/>\n<script type=\"application\/ld+json\" class=\"yoast-schema-graph\">{\"@context\":\"https:\\\/\\\/schema.org\",\"@graph\":[{\"@type\":\"WebPage\",\"@id\":\"https:\\\/\\\/rosavercher.es\\\/index.php\\\/servicios\\\/\",\"url\":\"https:\\\/\\\/rosavercher.es\\\/index.php\\\/servicios\\\/\",\"name\":\"Servicios - Rosa Vercher\",\"isPartOf\":{\"@id\":\"https:\\\/\\\/rosavercher.es\\\/#website\"},\"datePublished\":\"2021-04-06T10:36:55+00:00\",\"dateModified\":\"2021-10-08T09:19:14+00:00\",\"breadcrumb\":{\"@id\":\"https:\\\/\\\/rosavercher.es\\\/index.php\\\/servicios\\\/#breadcrumb\"},\"inLanguage\":\"en-US\",\"potentialAction\":[{\"@type\":\"ReadAction\",\"target\":[\"https:\\\/\\\/rosavercher.es\\\/index.php\\\/servicios\\\/\"]}]},{\"@type\":\"BreadcrumbList\",\"@id\":\"https:\\\/\\\/rosavercher.es\\\/index.php\\\/servicios\\\/#breadcrumb\",\"itemListElement\":[{\"@type\":\"ListItem\",\"position\":1,\"name\":\"Portada\",\"item\":\"https:\\\/\\\/rosavercher.es\\\/\"},{\"@type\":\"ListItem\",\"position\":2,\"name\":\"Servicios\"}]},{\"@type\":\"WebSite\",\"@id\":\"https:\\\/\\\/rosavercher.es\\\/#website\",\"url\":\"https:\\\/\\\/rosavercher.es\\\/\",\"name\":\"Rosa Vercher, terapia psicol\u00f3gica y mentor\u00eda\",\"description\":\"Terapia psicol\u00f3gica y Mentor\u00eda \",\"publisher\":{\"@id\":\"https:\\\/\\\/rosavercher.es\\\/#organization\"},\"potentialAction\":[{\"@type\":\"SearchAction\",\"target\":{\"@type\":\"EntryPoint\",\"urlTemplate\":\"https:\\\/\\\/rosavercher.es\\\/?s={search_term_string}\"},\"query-input\":{\"@type\":\"PropertyValueSpecification\",\"valueRequired\":true,\"valueName\":\"search_term_string\"}}],\"inLanguage\":\"en-US\"},{\"@type\":\"Organization\",\"@id\":\"https:\\\/\\\/rosavercher.es\\\/#organization\",\"name\":\"Rosa Vercher, terapia psicol\u00f3gica y mentor\u00eda\",\"url\":\"https:\\\/\\\/rosavercher.es\\\/\",\"logo\":{\"@type\":\"ImageObject\",\"inLanguage\":\"en-US\",\"@id\":\"https:\\\/\\\/rosavercher.es\\\/#\\\/schema\\\/logo\\\/image\\\/\",\"url\":\"https:\\\/\\\/rosavercher.es\\\/wp-content\\\/uploads\\\/2021\\\/10\\\/Logo-mini.png\",\"contentUrl\":\"https:\\\/\\\/rosavercher.es\\\/wp-content\\\/uploads\\\/2021\\\/10\\\/Logo-mini.png\",\"width\":240,\"height\":150,\"caption\":\"Rosa Vercher, terapia psicol\u00f3gica y mentor\u00eda\"},\"image\":{\"@id\":\"https:\\\/\\\/rosavercher.es\\\/#\\\/schema\\\/logo\\\/image\\\/\"},\"sameAs\":[\"https:\\\/\\\/es-es.facebook.com\\\/rosa.vercher.9\",\"https:\\\/\\\/www.instagram.com\\\/rverchera\",\"https:\\\/\\\/www.youtube.com\\\/channel\\\/UCRdqVVKCXe9j3NVWMfzY6ZA\"]}]}<\/script>\n<!-- \/ Yoast SEO plugin. -->","yoast_head_json":{"title":"Servicios - Rosa Vercher","robots":{"index":"index","follow":"follow","max-snippet":"max-snippet:-1","max-image-preview":"max-image-preview:large","max-video-preview":"max-video-preview:-1"},"canonical":"https:\/\/rosavercher.es\/index.php\/servicios\/","og_locale":"en_US","og_type":"article","og_title":"Servicios - Rosa Vercher","og_url":"https:\/\/rosavercher.es\/index.php\/servicios\/","og_site_name":"Rosa Vercher","article_publisher":"https:\/\/es-es.facebook.com\/rosa.vercher.9","article_modified_time":"2021-10-08T09:19:14+00:00","twitter_card":"summary_large_image","twitter_misc":{"Est. reading time":"4 minutes"},"schema":{"@context":"https:\/\/schema.org","@graph":[{"@type":"WebPage","@id":"https:\/\/rosavercher.es\/index.php\/servicios\/","url":"https:\/\/rosavercher.es\/index.php\/servicios\/","name":"Servicios - Rosa Vercher","isPartOf":{"@id":"https:\/\/rosavercher.es\/#website"},"datePublished":"2021-04-06T10:36:55+00:00","dateModified":"2021-10-08T09:19:14+00:00","breadcrumb":{"@id":"https:\/\/rosavercher.es\/index.php\/servicios\/#breadcrumb"},"inLanguage":"en-US","potentialAction":[{"@type":"ReadAction","target":["https:\/\/rosavercher.es\/index.php\/servicios\/"]}]},{"@type":"BreadcrumbList","@id":"https:\/\/rosavercher.es\/index.php\/servicios\/#breadcrumb","itemListElement":[{"@type":"ListItem","position":1,"name":"Portada","item":"https:\/\/rosavercher.es\/"},{"@type":"ListItem","position":2,"name":"Servicios"}]},{"@type":"WebSite","@id":"https:\/\/rosavercher.es\/#website","url":"https:\/\/rosavercher.es\/","name":"Rosa Vercher, terapia psicol\u00f3gica y mentor\u00eda","description":"Terapia psicol\u00f3gica y Mentor\u00eda ","publisher":{"@id":"https:\/\/rosavercher.es\/#organization"},"potentialAction":[{"@type":"SearchAction","target":{"@type":"EntryPoint","urlTemplate":"https:\/\/rosavercher.es\/?s={search_term_string}"},"query-input":{"@type":"PropertyValueSpecification","valueRequired":true,"valueName":"search_term_string"}}],"inLanguage":"en-US"},{"@type":"Organization","@id":"https:\/\/rosavercher.es\/#organization","name":"Rosa Vercher, terapia psicol\u00f3gica y mentor\u00eda","url":"https:\/\/rosavercher.es\/","logo":{"@type":"ImageObject","inLanguage":"en-US","@id":"https:\/\/rosavercher.es\/#\/schema\/logo\/image\/","url":"https:\/\/rosavercher.es\/wp-content\/uploads\/2021\/10\/Logo-mini.png","contentUrl":"https:\/\/rosavercher.es\/wp-content\/uploads\/2021\/10\/Logo-mini.png","width":240,"height":150,"caption":"Rosa Vercher, terapia psicol\u00f3gica y mentor\u00eda"},"image":{"@id":"https:\/\/rosavercher.es\/#\/schema\/logo\/image\/"},"sameAs":["https:\/\/es-es.facebook.com\/rosa.vercher.9","https:\/\/www.instagram.com\/rverchera","https:\/\/www.youtube.com\/channel\/UCRdqVVKCXe9j3NVWMfzY6ZA"]}]}},"_links":{"self":[{"href":"https:\/\/rosavercher.es\/index.php\/wp-json\/wp\/v2\/pages\/966","targetHints":{"allow":["GET"]}}],"collection":[{"href":"https:\/\/rosavercher.es\/index.php\/wp-json\/wp\/v2\/pages"}],"about":[{"href":"https:\/\/rosavercher.es\/index.php\/wp-json\/wp\/v2\/types\/page"}],"author":[{"embeddable":true,"href":"https:\/\/rosavercher.es\/index.php\/wp-json\/wp\/v2\/users\/1"}],"replies":[{"embeddable":true,"href":"https:\/\/rosavercher.es\/index.php\/wp-json\/wp\/v2\/comments?post=966"}],"version-history":[{"count":11,"href":"https:\/\/rosavercher.es\/index.php\/wp-json\/wp\/v2\/pages\/966\/revisions"}],"predecessor-version":[{"id":1412,"href":"https:\/\/rosavercher.es\/index.php\/wp-json\/wp\/v2\/pages\/966\/revisions\/1412"}],"wp:attachment":[{"href":"https:\/\/rosavercher.es\/index.php\/wp-json\/wp\/v2\/media?parent=966"}],"curies":[{"name":"wp","href":"https:\/\/api.w.org\/{rel}","templated":true}]}}